{"id":1079,"date":"2015-07-29T13:44:44","date_gmt":"2015-07-29T13:44:44","guid":{"rendered":"https:\/\/blockart-agency.sites.qsandbox.com\/?page_id=4"},"modified":"2022-12-14T16:58:49","modified_gmt":"2022-12-14T16:58:49","slug":"home-2","status":"publish","type":"page","link":"https:\/\/audm.fr\/","title":{"rendered":"Accueil"},"content":{"rendered":"\n<div class=\"blockart-section blockart-section-3274e693\"><div class=\"blockart-container\"><div class=\"blockart-section-inner\">\n<div class=\"blockart-column blockart-column-5c451749\"><div class=\"blockart-column-inner\">\n<h1 class=\"blockart-heading blockart-heading-715dd37b\">Nous aider<\/h1>\n\n\n\n<p class=\"blockart-paragraph blockart-paragraph-1ad4af93\">L&#8217;AUDM a besoin de ton aide, que ce soit pour faire un don, proposer un partenariat ou donner de ton temps, ta contribution sera la bienvenue et nous sommes ouverts \u00e0 tout types de propositions !<\/p>\n\n\n\n<div class=\"blockart-buttons blockart-buttons-6f5cef66 is-horizontal is-wrap\">\n<div class=\"blockart-button blockart-button-73e2d9d7 \"><a class=\"blockart-button-link is-custom is-style-filled\" href=\"https:\/\/audm.fr\/?page_id=193\">En savoir plus<\/a><\/div>\n<\/div>\n<\/div><\/div>\n\n\n\n<div class=\"blockart-column blockart-column-717e808b\"><div class=\"blockart-column-inner\">\n<div class=\"blockart-image blockart-image-6f3ae846\"><img loading=\"lazy\" class=\"wp-image-287\" src=\"http:\/\/audm.fr\/wp-content\/uploads\/2022\/10\/20210109_161936-scaled.jpg\" alt=\"\" height=\"1920\" width=\"2560\" srcset=\"https:\/\/audm.fr\/wp-content\/uploads\/2022\/10\/20210109_161936-scaled.jpg 2560w, https:\/\/audm.fr\/wp-content\/uploads\/2022\/10\/20210109_161936-scaled-600x450.jpg 600w, https:\/\/audm.fr\/wp-content\/uploads\/2022\/10\/20210109_161936-300x225.jpg 300w, https:\/\/audm.fr\/wp-content\/uploads\/2022\/10\/20210109_161936-1024x768.jpg 1024w, https:\/\/audm.fr\/wp-content\/uploads\/2022\/10\/20210109_161936-768x576.jpg 768w, https:\/\/audm.fr\/wp-content\/uploads\/2022\/10\/20210109_161936-1536x1152.jpg 1536w, https:\/\/audm.fr\/wp-content\/uploads\/2022\/10\/20210109_161936-2048x1536.jpg 2048w, https:\/\/audm.fr\/wp-content\/uploads\/2022\/10\/20210109_161936-1200x900.jpg 1200w, https:\/\/audm.fr\/wp-content\/uploads\/2022\/10\/20210109_161936-1980x1485.jpg 1980w\" sizes=\"(max-width: 2560px) 100vw, 2560px\" \/><\/div>\n<\/div><\/div>\n<\/div><\/div><\/div>\n\n\n\n<div class=\"blockart-section blockart-section-2636e827\"><div class=\"blockart-container\"><div class=\"blockart-section-inner\">\n<div class=\"blockart-column blockart-column-c8fa061e\"><div class=\"blockart-column-inner\">\n<div class=\"wp-container-4 wp-block-query\"><ul class=\"wp-container-3 wp-block-post-template\"><li class=\"wp-block-post post-218 post type-post status-publish format-standard has-post-thumbnail hentry category-uncategorized\">\n\n<div class=\"wp-container-2 wp-block-columns are-vertically-aligned-center\">\n<div class=\"wp-container-1 wp-block-column is-vertically-aligned-center\" style=\"flex-basis:100%\"><figure class=\"wp-block-post-featured-image\"><a href=\"https:\/\/audm.fr\/?p=218\"><img width=\"1200\" height=\"900\" src=\"https:\/\/audm.fr\/wp-content\/uploads\/2022\/10\/20210129_180546-1200x900.jpg\" class=\"attachment-post-thumbnail size-post-thumbnail wp-post-image\" alt=\"La reprise des distributions alimentaires\" loading=\"lazy\" srcset=\"https:\/\/audm.fr\/wp-content\/uploads\/2022\/10\/20210129_180546-1200x900.jpg 1200w, https:\/\/audm.fr\/wp-content\/uploads\/2022\/10\/20210129_180546-scaled-600x450.jpg 600w, https:\/\/audm.fr\/wp-content\/uploads\/2022\/10\/20210129_180546-300x225.jpg 300w, https:\/\/audm.fr\/wp-content\/uploads\/2022\/10\/20210129_180546-1024x768.jpg 1024w, https:\/\/audm.fr\/wp-content\/uploads\/2022\/10\/20210129_180546-768x576.jpg 768w, https:\/\/audm.fr\/wp-content\/uploads\/2022\/10\/20210129_180546-1536x1152.jpg 1536w, https:\/\/audm.fr\/wp-content\/uploads\/2022\/10\/20210129_180546-2048x1536.jpg 2048w, https:\/\/audm.fr\/wp-content\/uploads\/2022\/10\/20210129_180546-1980x1485.jpg 1980w\" sizes=\"(max-width: 1200px) 100vw, 1200px\" \/><\/a><\/figure>\n\n<h2 class=\"wp-elements-638fd6c649a683e6888e5cd02912024b has-text-align-center wp-block-post-title\"><a href=\"https:\/\/audm.fr\/?p=218\" target=\"_self\" rel=\"\">La reprise des distributions alimentaires<\/a><\/h2><\/div>\n<\/div>\n\n<\/li><\/ul><\/div>\n<\/div><\/div>\n\n\n\n<div class=\"blockart-column blockart-column-0d62a340\"><div class=\"blockart-column-inner\">\n<h1 class=\"blockart-heading blockart-heading-f75800de\">Nos actualit\u00e9s<\/h1>\n\n\n\n<p class=\"blockart-paragraph blockart-paragraph-b70cd9cb\">Retrouvez toutes nos derni\u00e8res actualit\u00e9s et d\u00e9couvrez toutes nos actualit\u00e9s \u00e0 venir<\/p>\n\n\n\n<div class=\"blockart-buttons blockart-buttons-59eaed5d is-horizontal is-wrap\">\n<div class=\"blockart-button blockart-button-36d5a37c \"><a class=\"blockart-button-link is-custom is-style-filled\" href=\"https:\/\/audm.fr\/?page_id=146\">eN SAvoir plus<\/a><\/div>\n<\/div>\n<\/div><\/div>\n<\/div><\/div><\/div>\n\n\n\n<div class=\"blockart-section blockart-section-f972e8b1\"><div class=\"blockart-container\"><div class=\"blockart-section-inner\">\n<div class=\"blockart-column blockart-column-8b477d87\"><div class=\"blockart-column-inner\">\n<div class=\"wp-container-7 wp-block-query\">\n\n<\/div>\n<\/div><\/div>\n<\/div><\/div><\/div>\n\n\n\n<div class=\"blockart-section blockart-section-1cf290e2\"><div class=\"blockart-container\"><div class=\"blockart-section-inner\">\n<div class=\"blockart-column blockart-column-c70c485b\"><div class=\"blockart-column-inner\">\n<div class=\"wp-container-8 wp-block-column\">\n<h2 class=\"blockart-heading blockart-heading-8fde126e\">Qui sommes-nous ?<\/h2>\n\n\n\n<p class=\"blockart-paragraph blockart-paragraph-43ec89dd\">L&#8217;AUDM est une association de loi 1901 aux objectifs et valeurs sociaux et environnementaux.<\/p>\n<\/div>\n\n\n\n<div class=\"blockart-buttons blockart-buttons-bcaf6118 is-horizontal is-wrap\">\n<div class=\"blockart-button blockart-button-abeb0476 \"><a class=\"blockart-button-link is-custom is-style-filled\" href=\"https:\/\/audm.fr\/?page_id=204\">en savoir plus<\/a><\/div>\n<\/div>\n<\/div><\/div>\n\n\n\n<div class=\"blockart-column blockart-column-57920c74\"><div class=\"blockart-column-inner\">\n<figure class=\"wp-block-image size-full\"><img loading=\"lazy\" width=\"649\" height=\"367\" src=\"http:\/\/audm.fr\/wp-content\/uploads\/2022\/10\/cropped-logo_transparent-3.png\" alt=\"\" class=\"wp-image-1141\" srcset=\"https:\/\/audm.fr\/wp-content\/uploads\/2022\/10\/cropped-logo_transparent-3.png 649w, https:\/\/audm.fr\/wp-content\/uploads\/2022\/10\/cropped-logo_transparent-3-300x170.png 300w, https:\/\/audm.fr\/wp-content\/uploads\/2022\/10\/cropped-logo_transparent-3-600x339.png 600w, https:\/\/audm.fr\/wp-content\/uploads\/2022\/10\/cropped-logo_transparent-3-86x49.png 86w\" sizes=\"(max-width: 649px) 100vw, 649px\" \/><\/figure>\n<\/div><\/div>\n<\/div><\/div><\/div>\n","protected":false},"excerpt":{"rendered":"","protected":false},"author":1,"featured_media":0,"parent":0,"menu_order":0,"comment_status":"open","ping_status":"closed","template":"","meta":{"om_disable_all_campaigns":false,"_monsterinsights_skip_tracking":false,"_monsterinsights_sitenote_active":false,"_monsterinsights_sitenote_note":"","_monsterinsights_sitenote_category":0,"site-sidebar-layout":"default","site-content-layout":"default","ast-global-header-display":"","ast-main-header-display":"","ast-hfb-above-header-display":"","ast-hfb-below-header-display":"","ast-hfb-mobile-header-display":"","site-post-title":"disabled","ast-breadcrumbs-content":"","ast-featured-img":"","footer-sml-layout":"","theme-transparent-header-meta":"","adv-header-id-meta":"","stick-header-meta":"","header-above-stick-meta":"","header-main-stick-meta":"","header-below-stick-meta":""},"aioseo_notices":[],"_links":{"self":[{"href":"https:\/\/audm.fr\/index.php?rest_route=\/wp\/v2\/pages\/1079"}],"collection":[{"href":"https:\/\/audm.fr\/index.php?rest_route=\/wp\/v2\/pages"}],"about":[{"href":"https:\/\/audm.fr\/index.php?rest_route=\/wp\/v2\/types\/page"}],"author":[{"embeddable":true,"href":"https:\/\/audm.fr\/index.php?rest_route=\/wp\/v2\/users\/1"}],"replies":[{"embeddable":true,"href":"https:\/\/audm.fr\/index.php?rest_route=%2Fwp%2Fv2%2Fcomments&post=1079"}],"version-history":[{"count":10,"href":"https:\/\/audm.fr\/index.php?rest_route=\/wp\/v2\/pages\/1079\/revisions"}],"predecessor-version":[{"id":1386,"href":"https:\/\/audm.fr\/index.php?rest_route=\/wp\/v2\/pages\/1079\/revisions\/1386"}],"wp:attachment":[{"href":"https:\/\/audm.fr\/index.php?rest_route=%2Fwp%2Fv2%2Fmedia&parent=1079"}],"curies":[{"name":"wp","href":"https:\/\/api.w.org\/{rel}","templated":true}]}}