{"id":1302,"date":"2022-12-05T10:35:47","date_gmt":"2022-12-05T10:35:47","guid":{"rendered":"https:\/\/audm.fr\/?page_id=1302"},"modified":"2022-12-14T16:37:47","modified_gmt":"2022-12-14T16:37:47","slug":"dons-alimentaires","status":"publish","type":"page","link":"https:\/\/audm.fr\/?page_id=1302","title":{"rendered":"Dons alimentaires"},"content":{"rendered":"\n<div class=\"wp-container-3 wp-block-columns has-border-color has-ast-global-color-2-border-color has-ast-global-color-0-background-color has-background\" style=\"border-width:10px;padding-top:20px;padding-bottom:20px\">\n<div class=\"wp-container-1 wp-block-column\" style=\"flex-basis:60%\">\n<p>L&#8217;activit\u00e9 principale de l&#8217;AUDM \u00e9tant les distributions alimentaires, nous sommes sans cesse \u00e0 la recherche de denr\u00e9es \u00e0 donner. Si tu souhaites nous aider, nous sommes ouverts aux dons ponctuels de particuliers comme aux partenariats avec des structures.<\/p>\n\n\n\n<p>Pour les dons tu peux venir les d\u00e9poser \u00e0 notre local au 56 rue Vitruve, h\u00e9site pas \u00e0 nous appeler avant pour t&#8217;assurer que quelqu&#8217;un sera l\u00e0 pour t&#8217;ouvrir.<\/p>\n\n\n\n<p>Pour les partenariats contacte-nous par mail ou t\u00e9l\u00e9phone, tu trouveras nos coordonn\u00e9es juste en dessous.<\/p>\n\n\n\n<div class=\"blockart-buttons blockart-buttons-a323fef0 is-justification-center is-horizontal is-wrap\">\n<div class=\"blockart-button blockart-button-cd613beb \"><a class=\"blockart-button-link is-large is-style-filled\" href=\"https:\/\/audm.fr\/?page_id=1312\">Nous contacter<\/a><\/div>\n<\/div>\n<\/div>\n\n\n\n<div class=\"wp-container-2 wp-block-column is-vertically-aligned-center\" style=\"flex-basis:40%\">\n<figure class=\"wp-block-image aligncenter size-large is-resized\"><img loading=\"lazy\" src=\"https:\/\/audm.fr\/wp-content\/uploads\/2022\/12\/20210129_180546-scaled-edited.jpg\" alt=\"\" class=\"wp-image-1371\" width=\"354\" height=\"354\" srcset=\"https:\/\/audm.fr\/wp-content\/uploads\/2022\/12\/20210129_180546-scaled-edited.jpg 1920w, https:\/\/audm.fr\/wp-content\/uploads\/2022\/12\/20210129_180546-scaled-edited-300x300.jpg 300w, https:\/\/audm.fr\/wp-content\/uploads\/2022\/12\/20210129_180546-scaled-edited-1024x1024.jpg 1024w, https:\/\/audm.fr\/wp-content\/uploads\/2022\/12\/20210129_180546-scaled-edited-150x150.jpg 150w, https:\/\/audm.fr\/wp-content\/uploads\/2022\/12\/20210129_180546-scaled-edited-768x768.jpg 768w, https:\/\/audm.fr\/wp-content\/uploads\/2022\/12\/20210129_180546-scaled-edited-1536x1536.jpg 1536w, https:\/\/audm.fr\/wp-content\/uploads\/2022\/12\/20210129_180546-scaled-edited-600x600.jpg 600w, https:\/\/audm.fr\/wp-content\/uploads\/2022\/12\/20210129_180546-scaled-edited-100x100.jpg 100w\" sizes=\"(max-width: 354px) 100vw, 354px\" \/><\/figure>\n<\/div>\n<\/div>\n","protected":false},"excerpt":{"rendered":"<p>L&#8217;activit\u00e9 principale de l&#8217;AUDM \u00e9tant les distributions alimentaires, nous sommes sans cesse \u00e0 la recherche de denr\u00e9es \u00e0 donner. Si tu souhaites nous aider, nous sommes ouverts aux dons ponctuels de particuliers comme aux partenariats avec des structures. Pour les dons tu peux venir les d\u00e9poser \u00e0 notre local au 56 rue Vitruve, h\u00e9site pas &hellip;<\/p>\n<p class=\"read-more\"> <a class=\"\" href=\"https:\/\/audm.fr\/?page_id=1302\"> <span class=\"screen-reader-text\">Dons alimentaires<\/span> Read More &raquo;<\/a><\/p>\n","protected":false},"author":1,"featured_media":0,"parent":0,"menu_order":0,"comment_status":"closed","ping_status":"closed","template":"","meta":{"om_disable_all_campaigns":false,"_monsterinsights_skip_tracking":false,"_monsterinsights_sitenote_active":false,"_monsterinsights_sitenote_note":"","_monsterinsights_sitenote_category":0,"site-sidebar-layout":"default","site-content-layout":"default","ast-global-header-display":"","ast-main-header-display":"","ast-hfb-above-header-display":"","ast-hfb-below-header-display":"","ast-hfb-mobile-header-display":"","site-post-title":"","ast-breadcrumbs-content":"","ast-featured-img":"","footer-sml-layout":"","theme-transparent-header-meta":"","adv-header-id-meta":"","stick-header-meta":"","header-above-stick-meta":"","header-main-stick-meta":"","header-below-stick-meta":""},"aioseo_notices":[],"_links":{"self":[{"href":"https:\/\/audm.fr\/index.php?rest_route=\/wp\/v2\/pages\/1302"}],"collection":[{"href":"https:\/\/audm.fr\/index.php?rest_route=\/wp\/v2\/pages"}],"about":[{"href":"https:\/\/audm.fr\/index.php?rest_route=\/wp\/v2\/types\/page"}],"author":[{"embeddable":true,"href":"https:\/\/audm.fr\/index.php?rest_route=\/wp\/v2\/users\/1"}],"replies":[{"embeddable":true,"href":"https:\/\/audm.fr\/index.php?rest_route=%2Fwp%2Fv2%2Fcomments&post=1302"}],"version-history":[{"count":5,"href":"https:\/\/audm.fr\/index.php?rest_route=\/wp\/v2\/pages\/1302\/revisions"}],"predecessor-version":[{"id":1372,"href":"https:\/\/audm.fr\/index.php?rest_route=\/wp\/v2\/pages\/1302\/revisions\/1372"}],"wp:attachment":[{"href":"https:\/\/audm.fr\/index.php?rest_route=%2Fwp%2Fv2%2Fmedia&parent=1302"}],"curies":[{"name":"wp","href":"https:\/\/api.w.org\/{rel}","templated":true}]}}