{"id":1312,"date":"2022-12-05T14:25:25","date_gmt":"2022-12-05T14:25:25","guid":{"rendered":"https:\/\/audm.fr\/?page_id=1312"},"modified":"2022-12-05T14:34:33","modified_gmt":"2022-12-05T14:34:33","slug":"nous-contacter","status":"publish","type":"page","link":"https:\/\/audm.fr\/?page_id=1312","title":{"rendered":"Nous contacter"},"content":{"rendered":"\n<div class=\"inherit-container-width wp-container-1 wp-block-group\" style=\"padding-top:20px;padding-bottom:0px\">\n<p>Si vous souhaitez nous contacter pour des propositions de partenariat, devenir b\u00e9n\u00e9voles, faire un don ou juste discuter vous pourrez nous joindre \u00e0 ces coordonn\u00e9es :<\/p>\n<\/div>\n\n\n\n<div class=\"wp-container-6 wp-block-columns\" style=\"padding-top:0px;padding-bottom:0px\">\n<div class=\"wp-container-2 wp-block-column\" style=\"flex-basis:33.34%\"><\/div>\n\n\n\n<div class=\"wp-container-4 wp-block-column has-ast-global-color-0-background-color has-background\" style=\"padding-top:10px;padding-right:10px;padding-bottom:10px;padding-left:10px;flex-basis:250px\">\n<div class=\"inherit-container-width wp-container-3 wp-block-group alignfull\" style=\"padding-top:0px;padding-right:0px;padding-bottom:0px;padding-left:0px\">\n<p class=\"blockart-paragraph blockart-paragraph-d22df47b\">56 rue Vitruve<\/p>\n\n\n\n<p class=\"blockart-paragraph blockart-paragraph-5f12c516\">asso.audm@yahoo.com<\/p>\n\n\n\n<p class=\"blockart-paragraph blockart-paragraph-3e0a6b2b\">+33 7 61 49 51 89<\/p>\n<\/div>\n<\/div>\n\n\n\n<div class=\"wp-container-5 wp-block-column\" style=\"flex-basis:33.33%\"><\/div>\n<\/div>\n","protected":false},"excerpt":{"rendered":"<p>Si vous souhaitez nous contacter pour des propositions de partenariat, devenir b\u00e9n\u00e9voles, faire un don ou juste discuter vous pourrez nous joindre \u00e0 ces coordonn\u00e9es :<\/p>\n","protected":false},"author":1,"featured_media":0,"parent":0,"menu_order":0,"comment_status":"closed","ping_status":"closed","template":"","meta":{"om_disable_all_campaigns":false,"_monsterinsights_skip_tracking":false,"_monsterinsights_sitenote_active":false,"_monsterinsights_sitenote_note":"","_monsterinsights_sitenote_category":0,"site-sidebar-layout":"default","site-content-layout":"default","ast-global-header-display":"","ast-main-header-display":"","ast-hfb-above-header-display":"","ast-hfb-below-header-display":"","ast-hfb-mobile-header-display":"","site-post-title":"","ast-breadcrumbs-content":"","ast-featured-img":"","footer-sml-layout":"","theme-transparent-header-meta":"","adv-header-id-meta":"","stick-header-meta":"","header-above-stick-meta":"","header-main-stick-meta":"","header-below-stick-meta":""},"aioseo_notices":[],"_links":{"self":[{"href":"https:\/\/audm.fr\/index.php?rest_route=\/wp\/v2\/pages\/1312"}],"collection":[{"href":"https:\/\/audm.fr\/index.php?rest_route=\/wp\/v2\/pages"}],"about":[{"href":"https:\/\/audm.fr\/index.php?rest_route=\/wp\/v2\/types\/page"}],"author":[{"embeddable":true,"href":"https:\/\/audm.fr\/index.php?rest_route=\/wp\/v2\/users\/1"}],"replies":[{"embeddable":true,"href":"https:\/\/audm.fr\/index.php?rest_route=%2Fwp%2Fv2%2Fcomments&post=1312"}],"version-history":[{"count":6,"href":"https:\/\/audm.fr\/index.php?rest_route=\/wp\/v2\/pages\/1312\/revisions"}],"predecessor-version":[{"id":1318,"href":"https:\/\/audm.fr\/index.php?rest_route=\/wp\/v2\/pages\/1312\/revisions\/1318"}],"wp:attachment":[{"href":"https:\/\/audm.fr\/index.php?rest_route=%2Fwp%2Fv2%2Fmedia&parent=1312"}],"curies":[{"name":"wp","href":"https:\/\/api.w.org\/{rel}","templated":true}]}}