{"id":204,"date":"2022-10-04T14:54:24","date_gmt":"2022-10-04T12:54:24","guid":{"rendered":"https:\/\/audmblaise.wordpress.com\/?page_id=204"},"modified":"2022-12-14T16:51:08","modified_gmt":"2022-12-14T16:51:08","slug":"qui-sommes-nous","status":"publish","type":"page","link":"https:\/\/audm.fr\/?page_id=204","title":{"rendered":"Qui sommes-nous ?"},"content":{"rendered":"\n<p>L&#8217;AUDM est une association de loi 1901 aux motivations solidaires et \u00e9cologiques. <\/p>\n\n\n\n<div class=\"inherit-container-width wp-container-4 wp-block-group has-border-color has-ast-global-color-2-border-color has-ast-global-color-0-background-color has-background\" style=\"border-width:10px;padding-top:20px;padding-bottom:20px\">\n<div class=\"wp-container-3 wp-block-columns\">\n<div class=\"wp-container-1 wp-block-column\" style=\"flex-basis:50%\">\n<h2 class=\"wp-elements-d3c97f2c6b64776ae7502efd897e6714 has-link-color\">L&#8217;association<\/h2>\n\n\n\n<p>L\u2019Association pour l\u2019Unit\u00e9 et le D\u00e9veloppement du Mali (AUDM) est une association sociale de loi 1901 situ\u00e9e dans le quartier Saint-Blaise (20e arrondissement de Paris) et cr\u00e9\u00e9e en 2017.<\/p>\n\n\n\n<div class=\"blockart-buttons blockart-buttons-6c483ce9 is-justification-center is-horizontal is-wrap\">\n<div class=\"blockart-button blockart-button-1e5d27aa \"><a class=\"blockart-button-link is-large is-style-filled\" href=\"https:\/\/audm.fr\/?page_id=54\">En savoir plus<\/a><\/div>\n<\/div>\n<\/div>\n\n\n\n<div class=\"wp-container-2 wp-block-column\" style=\"flex-basis:50%\">\n<figure class=\"wp-block-image aligncenter size-full is-resized\"><img loading=\"lazy\" src=\"http:\/\/audm.fr\/wp-content\/uploads\/2022\/10\/cropped-logo_transparent-3.png\" alt=\"\" class=\"wp-image-1141\" width=\"374\" height=\"211\" srcset=\"https:\/\/audm.fr\/wp-content\/uploads\/2022\/10\/cropped-logo_transparent-3.png 649w, https:\/\/audm.fr\/wp-content\/uploads\/2022\/10\/cropped-logo_transparent-3-300x170.png 300w, https:\/\/audm.fr\/wp-content\/uploads\/2022\/10\/cropped-logo_transparent-3-600x339.png 600w, https:\/\/audm.fr\/wp-content\/uploads\/2022\/10\/cropped-logo_transparent-3-86x49.png 86w\" sizes=\"(max-width: 374px) 100vw, 374px\" \/><\/figure>\n<\/div>\n<\/div>\n<\/div>\n\n\n\n<div class=\"inherit-container-width wp-container-8 wp-block-group has-border-color has-ast-global-color-2-border-color has-ast-global-color-1-background-color has-background\" style=\"border-width:10px;padding-top:20px;padding-bottom:20px\">\n<div class=\"wp-container-7 wp-block-columns\">\n<div class=\"wp-container-5 wp-block-column\" style=\"flex-basis:50%\">\n<figure class=\"wp-block-image aligncenter size-large\"><img loading=\"lazy\" width=\"1024\" height=\"537\" src=\"https:\/\/audm.fr\/wp-content\/uploads\/2022\/10\/Screenshot_20210523-083722_WhatsApp-2-1024x537.jpg\" alt=\"\" class=\"wp-image-1251\" srcset=\"https:\/\/audm.fr\/wp-content\/uploads\/2022\/10\/Screenshot_20210523-083722_WhatsApp-2-1024x537.jpg 1024w, https:\/\/audm.fr\/wp-content\/uploads\/2022\/10\/Screenshot_20210523-083722_WhatsApp-2-300x157.jpg 300w, https:\/\/audm.fr\/wp-content\/uploads\/2022\/10\/Screenshot_20210523-083722_WhatsApp-2-768x403.jpg 768w, https:\/\/audm.fr\/wp-content\/uploads\/2022\/10\/Screenshot_20210523-083722_WhatsApp-2-600x315.jpg 600w, https:\/\/audm.fr\/wp-content\/uploads\/2022\/10\/Screenshot_20210523-083722_WhatsApp-2.jpg 1077w\" sizes=\"(max-width: 1024px) 100vw, 1024px\" \/><\/figure>\n<\/div>\n\n\n\n<div class=\"wp-container-6 wp-block-column\" style=\"flex-basis:50%\">\n<h2 class=\"wp-elements-585b10a90276ae5a348630dd9d0b3b31 has-link-color\">Les membres<\/h2>\n\n\n\n<p>L&#8217;AUDM c&#8217;est &#8230;. membres actifs, motiv\u00e9s et r\u00e9unis autour de projets qui nous tiennent \u00e0 c\u0153ur.<\/p>\n\n\n\n<div class=\"blockart-buttons blockart-buttons-2f13748c is-justification-center is-horizontal is-wrap\">\n<div class=\"blockart-button blockart-button-57d43cb1 \"><a class=\"blockart-button-link is-large is-style-filled\" href=\"https:\/\/audm.fr\/?page_id=55\">En savoir plus<\/a><\/div>\n<\/div>\n<\/div>\n<\/div>\n<\/div>\n\n\n\n<div class=\"inherit-container-width wp-container-12 wp-block-group has-border-color has-ast-global-color-2-border-color has-ast-global-color-0-background-color has-background\" style=\"border-width:10px;padding-top:20px;padding-bottom:20px\">\n<div class=\"wp-container-11 wp-block-columns\">\n<div class=\"wp-container-9 wp-block-column\" style=\"flex-basis:50%\">\n<h2 class=\"wp-elements-3e7487860f3aafac7d6cd7ce9e18be37 has-link-color\">Nos objectifs<\/h2>\n\n\n\n<p>A l&#8217;AUDM nos actions sont tourn\u00e9es afin de r\u00e9pondre \u00e0 quatre grands objectifs \u00e0 la fois solidaires et environnementaux.<\/p>\n\n\n\n<div class=\"blockart-buttons blockart-buttons-05426601 is-justification-center is-horizontal is-wrap\">\n<div class=\"blockart-button blockart-button-7c65ee9a \"><a class=\"blockart-button-link is-large is-style-filled\" href=\"https:\/\/audm.fr\/?page_id=56\">En savoir plus<\/a><\/div>\n<\/div>\n<\/div>\n\n\n\n<div class=\"wp-container-10 wp-block-column\" style=\"flex-basis:50%\">\n<figure class=\"wp-block-image size-large\"><img loading=\"lazy\" width=\"1024\" height=\"461\" src=\"https:\/\/audm.fr\/wp-content\/uploads\/2022\/10\/20210925_142711-1024x461.jpg\" alt=\"\" class=\"wp-image-1249\" srcset=\"https:\/\/audm.fr\/wp-content\/uploads\/2022\/10\/20210925_142711-1024x461.jpg 1024w, https:\/\/audm.fr\/wp-content\/uploads\/2022\/10\/20210925_142711-300x135.jpg 300w, https:\/\/audm.fr\/wp-content\/uploads\/2022\/10\/20210925_142711-768x346.jpg 768w, https:\/\/audm.fr\/wp-content\/uploads\/2022\/10\/20210925_142711-1536x692.jpg 1536w, https:\/\/audm.fr\/wp-content\/uploads\/2022\/10\/20210925_142711-2048x922.jpg 2048w, https:\/\/audm.fr\/wp-content\/uploads\/2022\/10\/20210925_142711-600x270.jpg 600w\" sizes=\"(max-width: 1024px) 100vw, 1024px\" \/><\/figure>\n<\/div>\n<\/div>\n<\/div>\n","protected":false},"excerpt":{"rendered":"<p>L&#8217;AUDM est une association de loi 1901 aux motivations solidaires et \u00e9cologiques. L&#8217;association L\u2019Association pour l\u2019Unit\u00e9 et le D\u00e9veloppement du Mali (AUDM) est une association sociale de loi 1901 situ\u00e9e dans le quartier Saint-Blaise (20e arrondissement de Paris) et cr\u00e9\u00e9e en 2017. Les membres L&#8217;AUDM c&#8217;est &#8230;. membres actifs, motiv\u00e9s et r\u00e9unis autour de projets &hellip;<\/p>\n<p class=\"read-more\"> <a class=\"\" href=\"https:\/\/audm.fr\/?page_id=204\"> <span class=\"screen-reader-text\">Qui sommes-nous ?<\/span> Read More &raquo;<\/a><\/p>\n","protected":false},"author":1,"featured_media":0,"parent":0,"menu_order":0,"comment_status":"closed","ping_status":"closed","template":"","meta":{"om_disable_all_campaigns":false,"_monsterinsights_skip_tracking":false,"_monsterinsights_sitenote_active":false,"_monsterinsights_sitenote_note":"","_monsterinsights_sitenote_category":0,"site-sidebar-layout":"default","site-content-layout":"default","ast-global-header-display":"","ast-main-header-display":"","ast-hfb-above-header-display":"","ast-hfb-below-header-display":"","ast-hfb-mobile-header-display":"","site-post-title":"","ast-breadcrumbs-content":"","ast-featured-img":"","footer-sml-layout":"","theme-transparent-header-meta":"","adv-header-id-meta":"","stick-header-meta":"","header-above-stick-meta":"","header-main-stick-meta":"","header-below-stick-meta":""},"aioseo_notices":[],"_links":{"self":[{"href":"https:\/\/audm.fr\/index.php?rest_route=\/wp\/v2\/pages\/204"}],"collection":[{"href":"https:\/\/audm.fr\/index.php?rest_route=\/wp\/v2\/pages"}],"about":[{"href":"https:\/\/audm.fr\/index.php?rest_route=\/wp\/v2\/types\/page"}],"author":[{"embeddable":true,"href":"https:\/\/audm.fr\/index.php?rest_route=\/wp\/v2\/users\/1"}],"replies":[{"embeddable":true,"href":"https:\/\/audm.fr\/index.php?rest_route=%2Fwp%2Fv2%2Fcomments&post=204"}],"version-history":[{"count":6,"href":"https:\/\/audm.fr\/index.php?rest_route=\/wp\/v2\/pages\/204\/revisions"}],"predecessor-version":[{"id":1379,"href":"https:\/\/audm.fr\/index.php?rest_route=\/wp\/v2\/pages\/204\/revisions\/1379"}],"wp:attachment":[{"href":"https:\/\/audm.fr\/index.php?rest_route=%2Fwp%2Fv2%2Fmedia&parent=204"}],"curies":[{"name":"wp","href":"https:\/\/api.w.org\/{rel}","templated":true}]}}