{"id":234,"date":"2022-12-05T14:58:00","date_gmt":"2022-12-05T14:58:00","guid":{"rendered":"https:\/\/audmblaise.wordpress.com\/?page_id=234"},"modified":"2022-12-14T16:48:10","modified_gmt":"2022-12-14T16:48:10","slug":"projet-saint-blaise-solidaire","status":"publish","type":"page","link":"https:\/\/audm.fr\/?page_id=234","title":{"rendered":"Projet Saint Blaise Solidaire"},"content":{"rendered":"\n<p>Une partie de l&#8217;activit\u00e9 de l&#8217;AUDM se fait \u00e0 Paris, dans le 20e arrondissement, quartier Saint Blaise. Entre distributions alimentaires et accompagnements \u00e0 la scolarit\u00e9s, en passant par des ateliers de sensibilisation aux enjeux environnementaux, nos activit\u00e9s sont vari\u00e9es et ont pour point commun d&#8217;\u00eatre \u00e9cologiques et solidaires.<\/p>\n\n\n\n<div class=\"wp-container-4 wp-block-columns alignwide has-border-color has-ast-global-color-2-border-color has-ast-global-color-0-background-color has-background\" style=\"border-width:10px;padding-top:20px;padding-bottom:20px\">\n<div class=\"wp-container-2 wp-block-column\" style=\"flex-basis:50%\">\n<div class=\"inherit-container-width wp-container-1 wp-block-group has-background-background-color has-background\">\n<h2 class=\"wp-elements-c2c6f2bd473bf183dca3e27f9e0a7cb1 has-link-color\">Distributions alimentaires<\/h2>\n\n\n\n<p>Deux fois par mois, nous nous mobilisons les samedis pour organiser une distribution de paniers alimentaires pour les familles en situation de pr\u00e9carit\u00e9 du quartier.<\/p>\n<\/div>\n\n\n\n<div class=\"blockart-buttons blockart-buttons-69d2bf4c is-justification-center is-horizontal is-wrap\">\n<div class=\"blockart-button blockart-button-cbff2d48 \"><a class=\"blockart-button-link is-large is-style-filled\" href=\"https:\/\/audm.fr\/?page_id=245\">Voir plus<\/a><\/div>\n<\/div>\n<\/div>\n\n\n\n<div class=\"wp-container-3 wp-block-column\" style=\"flex-basis:50%\">\n<figure class=\"wp-block-image aligncenter size-medium is-resized\"><img loading=\"lazy\" src=\"https:\/\/audm.fr\/wp-content\/uploads\/2022\/10\/20201217_173725-2-300x276.jpg\" alt=\"\" class=\"wp-image-304\" width=\"235\" height=\"216\" srcset=\"https:\/\/audm.fr\/wp-content\/uploads\/2022\/10\/20201217_173725-2-300x276.jpg 300w, https:\/\/audm.fr\/wp-content\/uploads\/2022\/10\/20201217_173725-2-scaled-600x553.jpg 600w, https:\/\/audm.fr\/wp-content\/uploads\/2022\/10\/20201217_173725-2-1024x943.jpg 1024w, https:\/\/audm.fr\/wp-content\/uploads\/2022\/10\/20201217_173725-2-768x707.jpg 768w, https:\/\/audm.fr\/wp-content\/uploads\/2022\/10\/20201217_173725-2-1536x1415.jpg 1536w, https:\/\/audm.fr\/wp-content\/uploads\/2022\/10\/20201217_173725-2-2048x1886.jpg 2048w, https:\/\/audm.fr\/wp-content\/uploads\/2022\/10\/20201217_173725-2-1200x1105.jpg 1200w, https:\/\/audm.fr\/wp-content\/uploads\/2022\/10\/20201217_173725-2-1980x1823.jpg 1980w\" sizes=\"(max-width: 235px) 100vw, 235px\" \/><\/figure>\n<\/div>\n<\/div>\n\n\n\n<div class=\"wp-container-8 wp-block-columns alignwide has-border-color has-ast-global-color-2-border-color has-ast-global-color-1-background-color has-background\" style=\"border-width:10px;padding-top:20px;padding-bottom:20px\">\n<div class=\"wp-container-5 wp-block-column\" style=\"flex-basis:50%\">\n<figure class=\"wp-block-image aligncenter size-large is-resized\"><img loading=\"lazy\" src=\"http:\/\/audm.fr\/wp-content\/uploads\/2022\/10\/20210715_162205-1024x768.jpg\" alt=\"\" class=\"wp-image-303\" width=\"361\" height=\"270\" srcset=\"https:\/\/audm.fr\/wp-content\/uploads\/2022\/10\/20210715_162205-1024x768.jpg 1024w, https:\/\/audm.fr\/wp-content\/uploads\/2022\/10\/20210715_162205-scaled-600x450.jpg 600w, https:\/\/audm.fr\/wp-content\/uploads\/2022\/10\/20210715_162205-300x225.jpg 300w, https:\/\/audm.fr\/wp-content\/uploads\/2022\/10\/20210715_162205-768x576.jpg 768w, https:\/\/audm.fr\/wp-content\/uploads\/2022\/10\/20210715_162205-1536x1152.jpg 1536w, https:\/\/audm.fr\/wp-content\/uploads\/2022\/10\/20210715_162205-2048x1536.jpg 2048w, https:\/\/audm.fr\/wp-content\/uploads\/2022\/10\/20210715_162205-1200x900.jpg 1200w, https:\/\/audm.fr\/wp-content\/uploads\/2022\/10\/20210715_162205-1980x1485.jpg 1980w\" sizes=\"(max-width: 361px) 100vw, 361px\" \/><\/figure>\n<\/div>\n\n\n\n<div class=\"wp-container-7 wp-block-column\" style=\"flex-basis:50%\">\n<div class=\"inherit-container-width wp-container-6 wp-block-group has-background-background-color has-background\">\n<h2 class=\"wp-elements-55af9345345396de1084417da6297aec has-link-color\">Ateliers environnementaux<\/h2>\n\n\n\n<p>R\u00e9chauffement climatique, crise de la biodiversit\u00e9, limites plan\u00e9taires&#8230; On en entend parler mais tout para\u00eet lointain, quelles seront les cons\u00e9quences de ces ph\u00e9nom\u00e8nes \u00e0 notre \u00e9chelle ? Que peut-on faire ? Et qu&#8217;attendre de nos politiques ? D\u00e9couvrez le au travers de nos ateliers<\/p>\n<\/div>\n\n\n\n<div class=\"blockart-buttons blockart-buttons-36a6a60f is-justification-center is-horizontal is-wrap\">\n<div class=\"blockart-button blockart-button-ab917b68 \"><a class=\"blockart-button-link is-large is-style-filled\" href=\"https:\/\/audm.fr\/?page_id=248\">Voir plus<\/a><\/div>\n<\/div>\n<\/div>\n<\/div>\n\n\n\n<div class=\"wp-container-12 wp-block-columns alignwide has-border-color has-ast-global-color-2-border-color has-ast-global-color-0-background-color has-background\" style=\"border-width:10px;padding-top:20px;padding-bottom:20px\">\n<div class=\"wp-container-10 wp-block-column\" style=\"flex-basis:50%\">\n<div class=\"inherit-container-width wp-container-9 wp-block-group has-background-background-color has-background\">\n<h2 class=\"wp-elements-be46dad39aa1259a42248820d0d569ce has-link-color\">Ateliers p\u00e9dagogiques<\/h2>\n\n\n\n<p>Les in\u00e9galit\u00e9s se formant d\u00e8s l&#8217;entr\u00e9e \u00e0 l&#8217;\u00e9cole, \u00e0 l&#8217;AUDM nous organisons des s\u00e9ances d&#8217;accompagnement \u00e0 la scolarit\u00e9 pour les jeunes en classe \u00e9lementaire.<\/p>\n<\/div>\n\n\n\n<div class=\"blockart-buttons blockart-buttons-f760ca12 is-justification-center is-horizontal is-wrap\">\n<div class=\"blockart-button blockart-button-06877e7e \"><a class=\"blockart-button-link is-large is-style-filled\" href=\"https:\/\/audm.fr\/?page_id=246\">Voir plus<\/a><\/div>\n<\/div>\n<\/div>\n\n\n\n<div class=\"wp-container-11 wp-block-column\" style=\"flex-basis:50%\">\n<figure class=\"wp-block-image aligncenter size-full is-resized\"><img loading=\"lazy\" src=\"https:\/\/audm.fr\/wp-content\/uploads\/2022\/12\/WhatsApp-Image-2022-11-09-at-17.15.33.jpeg\" alt=\"\" class=\"wp-image-1306\" width=\"183\" height=\"243\" srcset=\"https:\/\/audm.fr\/wp-content\/uploads\/2022\/12\/WhatsApp-Image-2022-11-09-at-17.15.33.jpeg 768w, https:\/\/audm.fr\/wp-content\/uploads\/2022\/12\/WhatsApp-Image-2022-11-09-at-17.15.33-225x300.jpeg 225w, https:\/\/audm.fr\/wp-content\/uploads\/2022\/12\/WhatsApp-Image-2022-11-09-at-17.15.33-600x800.jpeg 600w\" sizes=\"(max-width: 183px) 100vw, 183px\" \/><\/figure>\n<\/div>\n<\/div>\n\n\n","protected":false},"excerpt":{"rendered":"<p>Une partie de l&#8217;activit\u00e9 de l&#8217;AUDM se fait \u00e0 Paris, dans le 20e arrondissement, quartier Saint Blaise. Entre distributions alimentaires et accompagnements \u00e0 la scolarit\u00e9s, en passant par des ateliers de sensibilisation aux enjeux environnementaux, nos activit\u00e9s sont vari\u00e9es et ont pour point commun d&#8217;\u00eatre \u00e9cologiques et solidaires. Distributions alimentaires Deux fois par mois, nous &hellip;<\/p>\n<p class=\"read-more\"> <a class=\"\" href=\"https:\/\/audm.fr\/?page_id=234\"> <span class=\"screen-reader-text\">Projet Saint Blaise Solidaire<\/span> Read More &raquo;<\/a><\/p>\n","protected":false},"author":1,"featured_media":0,"parent":0,"menu_order":0,"comment_status":"closed","ping_status":"closed","template":"","meta":{"om_disable_all_campaigns":false,"_monsterinsights_skip_tracking":false,"_monsterinsights_sitenote_active":false,"_monsterinsights_sitenote_note":"","_monsterinsights_sitenote_category":0,"site-sidebar-layout":"default","site-content-layout":"default","ast-global-header-display":"","ast-main-header-display":"","ast-hfb-above-header-display":"","ast-hfb-below-header-display":"","ast-hfb-mobile-header-display":"","site-post-title":"","ast-breadcrumbs-content":"","ast-featured-img":"","footer-sml-layout":"","theme-transparent-header-meta":"","adv-header-id-meta":"","stick-header-meta":"","header-above-stick-meta":"","header-main-stick-meta":"","header-below-stick-meta":""},"aioseo_notices":[],"_links":{"self":[{"href":"https:\/\/audm.fr\/index.php?rest_route=\/wp\/v2\/pages\/234"}],"collection":[{"href":"https:\/\/audm.fr\/index.php?rest_route=\/wp\/v2\/pages"}],"about":[{"href":"https:\/\/audm.fr\/index.php?rest_route=\/wp\/v2\/types\/page"}],"author":[{"embeddable":true,"href":"https:\/\/audm.fr\/index.php?rest_route=\/wp\/v2\/users\/1"}],"replies":[{"embeddable":true,"href":"https:\/\/audm.fr\/index.php?rest_route=%2Fwp%2Fv2%2Fcomments&post=234"}],"version-history":[{"count":8,"href":"https:\/\/audm.fr\/index.php?rest_route=\/wp\/v2\/pages\/234\/revisions"}],"predecessor-version":[{"id":1378,"href":"https:\/\/audm.fr\/index.php?rest_route=\/wp\/v2\/pages\/234\/revisions\/1378"}],"wp:attachment":[{"href":"https:\/\/audm.fr\/index.php?rest_route=%2Fwp%2Fv2%2Fmedia&parent=234"}],"curies":[{"name":"wp","href":"https:\/\/api.w.org\/{rel}","templated":true}]}}