{"id":245,"date":"2022-12-14T15:06:03","date_gmt":"2022-12-14T15:06:03","guid":{"rendered":"https:\/\/audmblaise.wordpress.com\/?page_id=245"},"modified":"2022-12-14T16:37:43","modified_gmt":"2022-12-14T16:37:43","slug":"distributions-alimentaires","status":"publish","type":"page","link":"https:\/\/audm.fr\/?page_id=245","title":{"rendered":"Distributions alimentaires"},"content":{"rendered":"\n<p class=\"blockart-paragraph blockart-paragraph-66bbb7ad\">Lors du premier confinement nous avons observ\u00e9 une augmentation du nombre de familles en situation de pr\u00e9carit\u00e9 a augment\u00e9 dans le quartier, certaines ayant du mal \u00e0 se nourrir. C&#8217;est suite \u00e0 ce constat qu&#8217;\u00e0 l&#8217;AUDM nous avons mis en place notre premi\u00e8re action r\u00e9guli\u00e8re : les distributions alimentaires.<\/p>\n\n\n\n<div class=\"wp-container-3 wp-block-columns has-border-color has-ast-global-color-2-border-color has-ast-global-color-0-background-color has-background\" style=\"border-width:10px;padding-top:20px;padding-bottom:20px\">\n<div class=\"wp-container-1 wp-block-column\" style=\"flex-basis:60%\">\n<h2 class=\"blockart-heading blockart-heading-e6074e0d\">Les collectes<\/h2>\n\n\n\n<p>Les collectes ont \u00e0 peu pr\u00e8s lieu une fois toute les deux semaines, en weekend. Nous nous rendons dans des supermarch\u00e9s pour r\u00e9cup\u00e9rer les dons des clients. Si vous souhaitez prendre part et venir nous donner un coup de main vous pouvez prendre contact avec nous aux coordonn\u00e9es que vous trouverez en cliquant sur le bouton ci-dessous.<\/p>\n\n\n\n<div class=\"blockart-buttons blockart-buttons-064044d9 is-justification-left is-horizontal is-wrap\">\n<div class=\"blockart-button blockart-button-cbfced0d \"><a class=\"blockart-button-link is-large is-style-filled\">Nous contacter<\/a><\/div>\n<\/div>\n<\/div>\n\n\n\n<div class=\"wp-container-2 wp-block-column is-vertically-aligned-center\" style=\"flex-basis:40%\">\n<figure class=\"wp-block-image aligncenter size-large is-resized\"><img loading=\"lazy\" src=\"https:\/\/audm.fr\/wp-content\/uploads\/2022\/12\/20210925_142711-edited.jpg\" alt=\"\" class=\"wp-image-1348\" width=\"276\" height=\"276\" srcset=\"https:\/\/audm.fr\/wp-content\/uploads\/2022\/12\/20210925_142711-edited.jpg 1815w, https:\/\/audm.fr\/wp-content\/uploads\/2022\/12\/20210925_142711-edited-300x300.jpg 300w, https:\/\/audm.fr\/wp-content\/uploads\/2022\/12\/20210925_142711-edited-1024x1024.jpg 1024w, https:\/\/audm.fr\/wp-content\/uploads\/2022\/12\/20210925_142711-edited-150x150.jpg 150w, https:\/\/audm.fr\/wp-content\/uploads\/2022\/12\/20210925_142711-edited-768x768.jpg 768w, https:\/\/audm.fr\/wp-content\/uploads\/2022\/12\/20210925_142711-edited-1536x1536.jpg 1536w, https:\/\/audm.fr\/wp-content\/uploads\/2022\/12\/20210925_142711-edited-600x600.jpg 600w, https:\/\/audm.fr\/wp-content\/uploads\/2022\/12\/20210925_142711-edited-100x100.jpg 100w\" sizes=\"(max-width: 276px) 100vw, 276px\" \/><\/figure>\n<\/div>\n<\/div>\n\n\n\n<div class=\"wp-container-6 wp-block-columns has-border-color has-ast-global-color-2-border-color has-ast-global-color-1-background-color has-background\" style=\"border-width:10px;padding-top:20px;padding-bottom:20px\">\n<div class=\"wp-container-4 wp-block-column is-vertically-aligned-center has-ast-global-color-1-background-color has-background\">\n<figure class=\"wp-block-image aligncenter size-large is-resized\"><img loading=\"lazy\" src=\"https:\/\/audm.fr\/wp-content\/uploads\/2022\/12\/20201217_173725-2-scaled-edited.jpg\" alt=\"\" class=\"wp-image-1349\" width=\"336\" height=\"335\" srcset=\"https:\/\/audm.fr\/wp-content\/uploads\/2022\/12\/20201217_173725-2-scaled-edited.jpg 2359w, https:\/\/audm.fr\/wp-content\/uploads\/2022\/12\/20201217_173725-2-scaled-edited-300x300.jpg 300w, https:\/\/audm.fr\/wp-content\/uploads\/2022\/12\/20201217_173725-2-scaled-edited-1024x1024.jpg 1024w, https:\/\/audm.fr\/wp-content\/uploads\/2022\/12\/20201217_173725-2-scaled-edited-150x150.jpg 150w, https:\/\/audm.fr\/wp-content\/uploads\/2022\/12\/20201217_173725-2-scaled-edited-768x768.jpg 768w, https:\/\/audm.fr\/wp-content\/uploads\/2022\/12\/20201217_173725-2-scaled-edited-1536x1536.jpg 1536w, https:\/\/audm.fr\/wp-content\/uploads\/2022\/12\/20201217_173725-2-scaled-edited-2048x2048.jpg 2048w, https:\/\/audm.fr\/wp-content\/uploads\/2022\/12\/20201217_173725-2-scaled-edited-600x600.jpg 600w, https:\/\/audm.fr\/wp-content\/uploads\/2022\/12\/20201217_173725-2-scaled-edited-100x100.jpg 100w\" sizes=\"(max-width: 336px) 100vw, 336px\" \/><\/figure>\n<\/div>\n\n\n\n<div class=\"wp-container-5 wp-block-column\" style=\"flex-basis:60%\">\n<h2 class=\"blockart-heading blockart-heading-18cc39fc\">Les distributions<\/h2>\n\n\n\n<p>Nous organisons des distributions \u00e0 notre local toutes les deux semaines en moyenne. Les personnes y ayant le droit sont s\u00e9lectionn\u00e9es sur crit\u00e8res sociaux et doivent avoir un dossier chez nous. Si vous souhaitez vous inscrire pour recevoir des colis ou pour nous aider lors de la distribution, contactez-nous aux coordonn\u00e9es que vous trouverez en cliquant sur le bouton ci-dessous.<\/p>\n\n\n\n<div class=\"blockart-buttons blockart-buttons-9e10eb0b is-horizontal is-wrap\">\n<div class=\"blockart-button blockart-button-7e576f88 \"><a class=\"blockart-button-link is-large is-style-filled\">Nous contacter<\/a><\/div>\n<\/div>\n<\/div>\n<\/div>\n","protected":false},"excerpt":{"rendered":"<p>Les collectes ont \u00e0 peu pr\u00e8s lieu une fois toute les deux semaines, en weekend. Nous nous rendons dans des supermarch\u00e9s pour r\u00e9cup\u00e9rer les dons des clients. Si vous souhaitez prendre part et venir nous donner un coup de main vous pouvez prendre contact avec nous aux coordonn\u00e9es que vous trouverez en cliquant sur le &hellip;<\/p>\n<p class=\"read-more\"> <a class=\"\" href=\"https:\/\/audm.fr\/?page_id=245\"> <span class=\"screen-reader-text\">Distributions alimentaires<\/span> Read More &raquo;<\/a><\/p>\n","protected":false},"author":1,"featured_media":0,"parent":0,"menu_order":0,"comment_status":"closed","ping_status":"closed","template":"","meta":{"om_disable_all_campaigns":false,"_monsterinsights_skip_tracking":false,"_monsterinsights_sitenote_active":false,"_monsterinsights_sitenote_note":"","_monsterinsights_sitenote_category":0,"site-sidebar-layout":"default","site-content-layout":"default","ast-global-header-display":"","ast-main-header-display":"","ast-hfb-above-header-display":"","ast-hfb-below-header-display":"","ast-hfb-mobile-header-display":"","site-post-title":"","ast-breadcrumbs-content":"","ast-featured-img":"","footer-sml-layout":"","theme-transparent-header-meta":"","adv-header-id-meta":"","stick-header-meta":"","header-above-stick-meta":"","header-main-stick-meta":"","header-below-stick-meta":""},"aioseo_notices":[],"_links":{"self":[{"href":"https:\/\/audm.fr\/index.php?rest_route=\/wp\/v2\/pages\/245"}],"collection":[{"href":"https:\/\/audm.fr\/index.php?rest_route=\/wp\/v2\/pages"}],"about":[{"href":"https:\/\/audm.fr\/index.php?rest_route=\/wp\/v2\/types\/page"}],"author":[{"embeddable":true,"href":"https:\/\/audm.fr\/index.php?rest_route=\/wp\/v2\/users\/1"}],"replies":[{"embeddable":true,"href":"https:\/\/audm.fr\/index.php?rest_route=%2Fwp%2Fv2%2Fcomments&post=245"}],"version-history":[{"count":7,"href":"https:\/\/audm.fr\/index.php?rest_route=\/wp\/v2\/pages\/245\/revisions"}],"predecessor-version":[{"id":1369,"href":"https:\/\/audm.fr\/index.php?rest_route=\/wp\/v2\/pages\/245\/revisions\/1369"}],"wp:attachment":[{"href":"https:\/\/audm.fr\/index.php?rest_route=%2Fwp%2Fv2%2Fmedia&parent=245"}],"curies":[{"name":"wp","href":"https:\/\/api.w.org\/{rel}","templated":true}]}}