{"id":248,"date":"2022-12-01T14:32:47","date_gmt":"2022-12-01T14:32:47","guid":{"rendered":"https:\/\/audmblaise.wordpress.com\/?page_id=248"},"modified":"2022-12-14T16:32:47","modified_gmt":"2022-12-14T16:32:47","slug":"ateliers-environnementaux","status":"publish","type":"page","link":"https:\/\/audm.fr\/?page_id=248","title":{"rendered":"Ateliers environnementaux"},"content":{"rendered":"\n<div class=\"inherit-container-width wp-container-1 wp-block-group alignwide\" style=\"padding-top:0px;padding-bottom:0px\">\n<p class=\"blockart-paragraph blockart-paragraph-4274db1f\">Parce que les enjeux sociaux sont li\u00e9s aux enjeux environnementaux actuels et \u00e0 venir, \u00e0 l&#8217;AUDM nous organisons divers ateliers de sensibilisation \u00e0 l&#8217;adresse des habitants du quartier et surtout des plus jeunes.<\/p>\n<\/div>\n\n\n\n<div class=\"wp-container-4 wp-block-columns has-border-color has-ast-global-color-2-border-color has-ast-global-color-0-background-color has-background\" style=\"border-width:10px;padding-top:20px;padding-bottom:20px\">\n<div class=\"wp-container-2 wp-block-column\" style=\"flex-basis:60%\">\n<h2 class=\"blockart-heading blockart-heading-378145ed\">Les ateliers sur place<\/h2>\n\n\n\n<p class=\"blockart-paragraph blockart-paragraph-db25c2f5\">Nous organisons un grand nombre d&#8217;activit\u00e9s directement \u00e0 notre local. Ceux ci vont de la fresque du climat aux cin\u00e9-d\u00e9bats en passant par les ateliers deux tonnes et d&#8217;autres ateliers organis\u00e9s en partenariat avec des organismes ext\u00e9rieurs. Pour savoir ce que l&#8217;on propose vous pouvez nous contacter aux coordonn\u00e9es ci-dessous.<\/p>\n\n\n\n<div class=\"blockart-buttons blockart-buttons-6c311784 is-horizontal is-wrap\">\n<div class=\"blockart-button blockart-button-261e7d70 \"><a class=\"blockart-button-link is-large is-style-filled\" href=\"https:\/\/audm.fr\/?page_id=1312\">Nous contacter<\/a><\/div>\n<\/div>\n<\/div>\n\n\n\n<div class=\"wp-container-3 wp-block-column is-vertically-aligned-center\" style=\"flex-basis:40%\">\n<figure class=\"wp-block-image aligncenter size-large is-resized\"><img loading=\"lazy\" src=\"http:\/\/audm.fr\/wp-content\/uploads\/2022\/10\/20210715_162205-1024x768.jpg\" alt=\"\" class=\"wp-image-303\" width=\"320\" height=\"240\" srcset=\"https:\/\/audm.fr\/wp-content\/uploads\/2022\/10\/20210715_162205-1024x768.jpg 1024w, https:\/\/audm.fr\/wp-content\/uploads\/2022\/10\/20210715_162205-scaled-600x450.jpg 600w, https:\/\/audm.fr\/wp-content\/uploads\/2022\/10\/20210715_162205-300x225.jpg 300w, https:\/\/audm.fr\/wp-content\/uploads\/2022\/10\/20210715_162205-768x576.jpg 768w, https:\/\/audm.fr\/wp-content\/uploads\/2022\/10\/20210715_162205-1536x1152.jpg 1536w, https:\/\/audm.fr\/wp-content\/uploads\/2022\/10\/20210715_162205-2048x1536.jpg 2048w, https:\/\/audm.fr\/wp-content\/uploads\/2022\/10\/20210715_162205-1200x900.jpg 1200w, https:\/\/audm.fr\/wp-content\/uploads\/2022\/10\/20210715_162205-1980x1485.jpg 1980w\" sizes=\"(max-width: 320px) 100vw, 320px\" \/><\/figure>\n<\/div>\n<\/div>\n\n\n\n<div class=\"wp-container-6 wp-block-columns has-border-color has-ast-global-color-2-border-color has-ast-global-color-1-background-color has-background\" style=\"border-width:10px;padding-top:20px;padding-bottom:20px\">\n<div class=\"wp-container-5 wp-block-column has-ast-global-color-1-background-color has-background\" style=\"flex-basis:100%\">\n<h2 class=\"blockart-heading blockart-heading-5d901834\">Les ateliers \u00e0 emporter<\/h2>\n\n\n\n<p class=\"blockart-paragraph blockart-paragraph-810c6a69\">Nous proposons aussi d&#8217;organiser certains de ces ateliers \u00e0 l&#8217;ext\u00e9rieur de notre local, directement dans d&#8217;autres associations. Nous organisons fresques du climat, atelier deux tonnes, cin\u00e9 d\u00e9bat, &#8230; Si vous \u00eates int\u00e9ress\u00e9.e.s vous trouverez toutes les informations pour nous contacter ci-dessous.<\/p>\n\n\n\n<div class=\"blockart-buttons blockart-buttons-2da1748e is-justification-center is-horizontal is-wrap\">\n<div class=\"blockart-button blockart-button-6ec9e045 \"><a class=\"blockart-button-link is-large is-style-filled\" href=\"https:\/\/audm.fr\/?page_id=1312\">Nous contacter<\/a><\/div>\n<\/div>\n<\/div>\n<\/div>\n\n\n\n<div class=\"wp-container-9 wp-block-columns has-border-color has-ast-global-color-2-border-color has-ast-global-color-0-background-color has-background\" style=\"border-width:10px;padding-top:20px;padding-bottom:20px\">\n<div class=\"wp-container-7 wp-block-column\" style=\"flex-basis:60%\">\n<h2 class=\"blockart-heading blockart-heading-3ae924ee\">Les visites<\/h2>\n\n\n\n<p class=\"blockart-paragraph blockart-paragraph-c22e589b\">Nous organisons aussi des visites pour les jeunes du quartier de lieux alternatifs s&#8217;inscrivant dans une d\u00e9marche de transition \u00e9cologique et solidaire, tels que des jardins partag\u00e9s ou fermes urbaines. Si vous \u00eates une structure int\u00e9ress\u00e9e par ce genre d&#8217;initiative ou si vous souhaitez vous inscrire vous ou vos enfants pour nous contacter il vous suffit de suivre le lien ci-dessous.<\/p>\n\n\n\n<div class=\"blockart-buttons blockart-buttons-5e2fb54d is-justification-center is-horizontal is-wrap\">\n<div class=\"blockart-button blockart-button-19659bba \"><a class=\"blockart-button-link is-large is-style-filled\" href=\"https:\/\/audm.fr\/?page_id=1312\">Nous contacter<\/a><\/div>\n<\/div>\n<\/div>\n\n\n\n<div class=\"wp-container-8 wp-block-column is-vertically-aligned-center\" style=\"flex-basis:50%\">\n<figure class=\"wp-block-image aligncenter size-large is-resized\"><img loading=\"lazy\" src=\"https:\/\/audm.fr\/wp-content\/uploads\/2022\/12\/WhatsApp-Image-2022-12-07-at-16.47.41-edited.jpeg\" alt=\"\" class=\"wp-image-1362\" width=\"381\" height=\"286\" srcset=\"https:\/\/audm.fr\/wp-content\/uploads\/2022\/12\/WhatsApp-Image-2022-12-07-at-16.47.41-edited.jpeg 1200w, https:\/\/audm.fr\/wp-content\/uploads\/2022\/12\/WhatsApp-Image-2022-12-07-at-16.47.41-edited-300x225.jpeg 300w, https:\/\/audm.fr\/wp-content\/uploads\/2022\/12\/WhatsApp-Image-2022-12-07-at-16.47.41-edited-1024x768.jpeg 1024w, https:\/\/audm.fr\/wp-content\/uploads\/2022\/12\/WhatsApp-Image-2022-12-07-at-16.47.41-edited-768x576.jpeg 768w, https:\/\/audm.fr\/wp-content\/uploads\/2022\/12\/WhatsApp-Image-2022-12-07-at-16.47.41-edited-600x450.jpeg 600w\" sizes=\"(max-width: 381px) 100vw, 381px\" \/><\/figure>\n<\/div>\n<\/div>\n","protected":false},"excerpt":{"rendered":"","protected":false},"author":1,"featured_media":0,"parent":0,"menu_order":0,"comment_status":"closed","ping_status":"closed","template":"","meta":{"om_disable_all_campaigns":false,"_monsterinsights_skip_tracking":false,"_monsterinsights_sitenote_active":false,"_monsterinsights_sitenote_note":"","_monsterinsights_sitenote_category":0,"site-sidebar-layout":"default","site-content-layout":"default","ast-global-header-display":"","ast-main-header-display":"","ast-hfb-above-header-display":"","ast-hfb-below-header-display":"","ast-hfb-mobile-header-display":"","site-post-title":"","ast-breadcrumbs-content":"","ast-featured-img":"","footer-sml-layout":"","theme-transparent-header-meta":"","adv-header-id-meta":"","stick-header-meta":"","header-above-stick-meta":"","header-main-stick-meta":"","header-below-stick-meta":""},"aioseo_notices":[],"_links":{"self":[{"href":"https:\/\/audm.fr\/index.php?rest_route=\/wp\/v2\/pages\/248"}],"collection":[{"href":"https:\/\/audm.fr\/index.php?rest_route=\/wp\/v2\/pages"}],"about":[{"href":"https:\/\/audm.fr\/index.php?rest_route=\/wp\/v2\/types\/page"}],"author":[{"embeddable":true,"href":"https:\/\/audm.fr\/index.php?rest_route=\/wp\/v2\/users\/1"}],"replies":[{"embeddable":true,"href":"https:\/\/audm.fr\/index.php?rest_route=%2Fwp%2Fv2%2Fcomments&post=248"}],"version-history":[{"count":6,"href":"https:\/\/audm.fr\/index.php?rest_route=\/wp\/v2\/pages\/248\/revisions"}],"predecessor-version":[{"id":1387,"href":"https:\/\/audm.fr\/index.php?rest_route=\/wp\/v2\/pages\/248\/revisions\/1387"}],"wp:attachment":[{"href":"https:\/\/audm.fr\/index.php?rest_route=%2Fwp%2Fv2%2Fmedia&parent=248"}],"curies":[{"name":"wp","href":"https:\/\/api.w.org\/{rel}","templated":true}]}}