{"id":54,"date":"2022-10-04T14:54:31","date_gmt":"2022-10-04T12:54:31","guid":{"rendered":"https:\/\/audmblaise.wordpress.com\/?page_id=20"},"modified":"2022-12-14T16:40:32","modified_gmt":"2022-12-14T16:40:32","slug":"lassociation","status":"publish","type":"page","link":"https:\/\/audm.fr\/?page_id=54","title":{"rendered":"L&#8217;association"},"content":{"rendered":"\n<div class=\"inherit-container-width wp-container-5 wp-block-group has-ast-global-color-0-background-color has-background\" style=\"border-radius:0px;border-style:none;border-width:0px;padding-top:0px;padding-right:0px;padding-bottom:0px;padding-left:0px\">\n<div class=\"wp-container-4 wp-block-columns alignwide are-vertically-aligned-center has-border-color has-ast-global-color-2-border-color has-primary-background-color has-background\" style=\"border-width:10px;padding-top:20px;padding-bottom:20px\">\n<div class=\"wp-container-2 wp-block-column is-vertically-aligned-center\" style=\"padding-top:var:preset|spacing|20;padding-right:var:preset|spacing|20;padding-bottom:var:preset|spacing|20;padding-left:var:preset|spacing|20;flex-basis:67%\">\n<div class=\"inherit-container-width wp-container-1 wp-block-group\" style=\"padding-top:var:preset|spacing|20;padding-right:var:preset|spacing|20;padding-bottom:var:preset|spacing|20;padding-left:var:preset|spacing|20\">\n<p>L\u2019Association pour l\u2019Unit\u00e9 et le D\u00e9veloppement du Mali (AUDM) est une association de loi 1901 situ\u00e9e dans le quartier Saint-Blaise (20e arrondissement de Paris) et cr\u00e9\u00e9e en 2017.<\/p>\n<\/div>\n<\/div>\n\n\n\n<div class=\"wp-container-3 wp-block-column is-vertically-aligned-center\" style=\"flex-basis:33%\">\n<figure class=\"wp-block-image aligncenter size-large\"><img loading=\"lazy\" width=\"716\" height=\"469\" src=\"http:\/\/audm.fr\/wp-content\/uploads\/2022\/10\/logo_bleu_fonce-removebg.png?w=716\" alt=\"\" class=\"wp-image-271\" srcset=\"https:\/\/audm.fr\/wp-content\/uploads\/2022\/10\/logo_bleu_fonce-removebg.png 716w, https:\/\/audm.fr\/wp-content\/uploads\/2022\/10\/logo_bleu_fonce-removebg-600x393.png 600w, https:\/\/audm.fr\/wp-content\/uploads\/2022\/10\/logo_bleu_fonce-removebg-300x197.png 300w\" sizes=\"(max-width: 716px) 100vw, 716px\" \/><\/figure>\n<\/div>\n<\/div>\n<\/div>\n\n\n\n<div class=\"inherit-container-width wp-container-10 wp-block-group has-border-color has-ast-global-color-2-border-color has-ast-global-color-1-background-color has-background\" style=\"border-width:10px;padding-top:20px;padding-right:0;padding-bottom:20px;padding-left:0\">\n<div class=\"wp-container-9 wp-block-columns alignwide\" style=\"border-style:none;border-width:0px\">\n<div class=\"wp-container-6 wp-block-column is-vertically-aligned-center\" style=\"flex-basis:50%\">\n<figure class=\"wp-block-image aligncenter size-medium is-resized\"><img loading=\"lazy\" src=\"https:\/\/audm.fr\/wp-content\/uploads\/2022\/10\/screenshot_20210906-101802_whatsapp-224x300.jpg\" alt=\"\" class=\"wp-image-305\" width=\"181\" height=\"242\" srcset=\"https:\/\/audm.fr\/wp-content\/uploads\/2022\/10\/screenshot_20210906-101802_whatsapp-224x300.jpg 224w, https:\/\/audm.fr\/wp-content\/uploads\/2022\/10\/screenshot_20210906-101802_whatsapp-600x802.jpg 600w, https:\/\/audm.fr\/wp-content\/uploads\/2022\/10\/screenshot_20210906-101802_whatsapp-766x1024.jpg 766w, https:\/\/audm.fr\/wp-content\/uploads\/2022\/10\/screenshot_20210906-101802_whatsapp-768x1026.jpg 768w, https:\/\/audm.fr\/wp-content\/uploads\/2022\/10\/screenshot_20210906-101802_whatsapp.jpg 1076w\" sizes=\"(max-width: 181px) 100vw, 181px\" \/><\/figure>\n<\/div>\n\n\n\n<div class=\"wp-container-8 wp-block-column is-vertically-aligned-center\" style=\"padding-top:var:preset|spacing|20;padding-right:var:preset|spacing|20;padding-bottom:var:preset|spacing|20;padding-left:var:preset|spacing|20;flex-basis:50%\">\n<div class=\"inherit-container-width wp-container-7 wp-block-group\" style=\"padding-top:var:preset|spacing|20;padding-right:var:preset|spacing|20;padding-bottom:var:preset|spacing|20;padding-left:var:preset|spacing|20\">\n<p class=\"has-text-align-left\" style=\"font-size:16px\">A sa cr\u00e9ation, l&#8217;AUDM voulait promouvoir l\u2019histoire et la culture du Mali, faire d\u00e9couvrir les opportunit\u00e9s existantes et possible \u00e0 exploiter en Afrique et contribuer \u00e0 une \u00e9galit\u00e9 des chances \u00e0 tous et pour tous.<\/p>\n<\/div>\n<\/div>\n<\/div>\n<\/div>\n\n\n\n<div class=\"inherit-container-width wp-container-15 wp-block-group has-ast-global-color-0-background-color has-background\" style=\"border-radius:0px;border-style:none;border-width:0px;padding-top:0px;padding-right:0px;padding-bottom:0px;padding-left:0px\">\n<div class=\"wp-container-14 wp-block-columns alignwide has-border-color has-ast-global-color-2-border-color has-primary-background-color has-background\" style=\"border-width:10px;padding-top:20px;padding-bottom:20px\">\n<div class=\"wp-container-12 wp-block-column is-vertically-aligned-center\" style=\"padding-top:var:preset|spacing|20;padding-right:var:preset|spacing|20;padding-bottom:var:preset|spacing|20;padding-left:var:preset|spacing|20;flex-basis:64%\">\n<div class=\"inherit-container-width wp-container-11 wp-block-group\" style=\"padding-top:var:preset|spacing|30;padding-right:var:preset|spacing|30;padding-bottom:var:preset|spacing|30;padding-left:var:preset|spacing|30\">\n<p style=\"font-size:16px\">Avec le premier confinement, plusieurs familles du quartier ont perdu leur travail, diminuant de fait leurs capacit\u00e9s \u00e0 subvenir \u00e0 des besoins essentiels comme se nourrir. Face \u00e0 cette constatation les membres de l&#8217;AUDM se devaient d&#8217;agir et de cette volont\u00e9 d&#8217;action est n\u00e9e une distribution alimentaire.<\/p>\n<\/div>\n<\/div>\n\n\n\n<div class=\"wp-container-13 wp-block-column is-vertically-aligned-center\" style=\"flex-basis:36%\">\n<figure class=\"wp-block-image aligncenter size-large is-resized\"><img loading=\"lazy\" src=\"https:\/\/audm.fr\/wp-content\/uploads\/2022\/10\/20201217_173725-2-1024x943.jpg\" alt=\"\" class=\"wp-image-304\" width=\"279\" height=\"256\" srcset=\"https:\/\/audm.fr\/wp-content\/uploads\/2022\/10\/20201217_173725-2-1024x943.jpg 1024w, https:\/\/audm.fr\/wp-content\/uploads\/2022\/10\/20201217_173725-2-scaled-600x553.jpg 600w, https:\/\/audm.fr\/wp-content\/uploads\/2022\/10\/20201217_173725-2-300x276.jpg 300w, https:\/\/audm.fr\/wp-content\/uploads\/2022\/10\/20201217_173725-2-768x707.jpg 768w, https:\/\/audm.fr\/wp-content\/uploads\/2022\/10\/20201217_173725-2-1536x1415.jpg 1536w, https:\/\/audm.fr\/wp-content\/uploads\/2022\/10\/20201217_173725-2-2048x1886.jpg 2048w, https:\/\/audm.fr\/wp-content\/uploads\/2022\/10\/20201217_173725-2-1200x1105.jpg 1200w, https:\/\/audm.fr\/wp-content\/uploads\/2022\/10\/20201217_173725-2-1980x1823.jpg 1980w\" sizes=\"(max-width: 279px) 100vw, 279px\" \/><\/figure>\n<\/div>\n<\/div>\n<\/div>\n\n\n\n<div class=\"inherit-container-width wp-container-20 wp-block-group has-border-color has-ast-global-color-2-border-color has-ast-global-color-1-background-color has-background\" style=\"border-width:10px;padding-top:20px;padding-bottom:20px\">\n<div class=\"wp-container-19 wp-block-columns alignwide are-vertically-aligned-center\" style=\"border-style:none;border-width:0px\">\n<div class=\"wp-container-16 wp-block-column is-vertically-aligned-center\" style=\"flex-basis:50%\">\n<figure class=\"wp-block-image aligncenter size-large is-resized\"><img loading=\"lazy\" src=\"http:\/\/audm.fr\/wp-content\/uploads\/2022\/10\/20210715_162205.jpg?w=1024\" alt=\"\" class=\"wp-image-303\" width=\"320\" height=\"239\"\/><\/figure>\n<\/div>\n\n\n\n<div class=\"wp-container-18 wp-block-column is-vertically-aligned-center\" style=\"padding-top:var:preset|spacing|20;padding-right:var:preset|spacing|20;padding-bottom:var:preset|spacing|20;padding-left:var:preset|spacing|20;flex-basis:50%\">\n<div class=\"inherit-container-width wp-container-17 wp-block-group\" style=\"padding-top:var:preset|spacing|20;padding-right:var:preset|spacing|20;padding-bottom:var:preset|spacing|20;padding-left:var:preset|spacing|20\">\n<p style=\"font-size:16px\">L\u2019AUDM est donc une association aux objectifs sociaux de par sa gen\u00e8se mais aussi environnementaux du fait de l\u2019impact global des bouleversements notamment climatiques \u00e0 venir.<\/p>\n<\/div>\n<\/div>\n<\/div>\n<\/div>\n","protected":false},"excerpt":{"rendered":"<p>L\u2019Association pour l\u2019Unit\u00e9 et le D\u00e9veloppement du Mali (AUDM) est une association de loi 1901 situ\u00e9e dans le quartier Saint-Blaise (20e arrondissement de Paris) et cr\u00e9\u00e9e en 2017. A sa cr\u00e9ation, l&#8217;AUDM voulait promouvoir l\u2019histoire et la culture du Mali, faire d\u00e9couvrir les opportunit\u00e9s existantes et possible \u00e0 exploiter en Afrique et contribuer \u00e0 une &hellip;<\/p>\n<p class=\"read-more\"> <a class=\"\" href=\"https:\/\/audm.fr\/?page_id=54\"> <span class=\"screen-reader-text\">L&#8217;association<\/span> Read More &raquo;<\/a><\/p>\n","protected":false},"author":1,"featured_media":0,"parent":0,"menu_order":0,"comment_status":"closed","ping_status":"closed","template":"","meta":{"om_disable_all_campaigns":false,"_monsterinsights_skip_tracking":false,"_monsterinsights_sitenote_active":false,"_monsterinsights_sitenote_note":"","_monsterinsights_sitenote_category":0,"site-sidebar-layout":"default","site-content-layout":"default","ast-global-header-display":"","ast-main-header-display":"","ast-hfb-above-header-display":"","ast-hfb-below-header-display":"","ast-hfb-mobile-header-display":"","site-post-title":"","ast-breadcrumbs-content":"","ast-featured-img":"","footer-sml-layout":"","theme-transparent-header-meta":"","adv-header-id-meta":"","stick-header-meta":"","header-above-stick-meta":"","header-main-stick-meta":"","header-below-stick-meta":""},"aioseo_notices":[],"_links":{"self":[{"href":"https:\/\/audm.fr\/index.php?rest_route=\/wp\/v2\/pages\/54"}],"collection":[{"href":"https:\/\/audm.fr\/index.php?rest_route=\/wp\/v2\/pages"}],"about":[{"href":"https:\/\/audm.fr\/index.php?rest_route=\/wp\/v2\/types\/page"}],"author":[{"embeddable":true,"href":"https:\/\/audm.fr\/index.php?rest_route=\/wp\/v2\/users\/1"}],"replies":[{"embeddable":true,"href":"https:\/\/audm.fr\/index.php?rest_route=%2Fwp%2Fv2%2Fcomments&post=54"}],"version-history":[{"count":9,"href":"https:\/\/audm.fr\/index.php?rest_route=\/wp\/v2\/pages\/54\/revisions"}],"predecessor-version":[{"id":1373,"href":"https:\/\/audm.fr\/index.php?rest_route=\/wp\/v2\/pages\/54\/revisions\/1373"}],"wp:attachment":[{"href":"https:\/\/audm.fr\/index.php?rest_route=%2Fwp%2Fv2%2Fmedia&parent=54"}],"curies":[{"name":"wp","href":"https:\/\/api.w.org\/{rel}","templated":true}]}}