{"id":56,"date":"2022-10-04T14:34:51","date_gmt":"2022-10-04T12:34:51","guid":{"rendered":"https:\/\/audmblaise.wordpress.com\/?page_id=22"},"modified":"2022-10-24T14:34:10","modified_gmt":"2022-10-24T14:34:10","slug":"nos-objectifs","status":"publish","type":"page","link":"https:\/\/audm.fr\/?page_id=56","title":{"rendered":"Nos objectifs"},"content":{"rendered":"\n<div class=\"inherit-container-width wp-container-1 wp-block-group\">\n<p>A l&#8217;AUDM nos actions sont tourn\u00e9es afin de r\u00e9pondre \u00e0 quatre grands objectifs :<\/p>\n<\/div>\n\n\n\n<div class=\"inherit-container-width wp-container-3 wp-block-group\" style=\"padding-right:200px;padding-left:200px\">\n<div class=\"wp-container-2 wp-block-group has-ast-global-color-0-background-color has-background\" style=\"padding-top:20px;padding-right:20px;padding-bottom:20px;padding-left:20px\">\n<h2>D\u00e9veloppement de l&#8217;Afrique<\/h2>\n\n\n\n<p>Prendre part au d\u00e9veloppement de l&#8217;Afrique et promouvoir la culture malienne. <\/p>\n<\/div>\n<\/div>\n\n\n\n<div class=\"inherit-container-width wp-container-5 wp-block-group\" style=\"padding-right:200px;padding-left:200px\">\n<div class=\"wp-container-4 wp-block-group has-ast-global-color-1-background-color has-background\" style=\"padding-top:20px;padding-right:20px;padding-bottom:20px;padding-left:20px\">\n<h2 class=\"has-text-align-right\">Egalit\u00e9 des chances<\/h2>\n\n\n\n<p class=\"has-text-align-right\">Contribuer \u00e0 l\u2019int\u00e9gration sociale et professionnelle des jeunes et des personnes vuln\u00e9rables du quartier Saint-Blaise et des alentours.<\/p>\n<\/div>\n<\/div>\n\n\n\n<div class=\"inherit-container-width wp-container-7 wp-block-group\" style=\"padding-right:200px;padding-left:200px\">\n<div class=\"wp-container-6 wp-block-group has-ast-global-color-0-background-color has-background\" style=\"padding-top:20px;padding-right:20px;padding-bottom:20px;padding-left:20px\">\n<h2>Coh\u00e9sion et mixit\u00e9 sociale<\/h2>\n\n\n\n<p>D\u00e9velopper et contribuer \u00e0 la coh\u00e9sion et la mixit\u00e9 sociale du quartier Saint-Blaise et des alentours.<\/p>\n<\/div>\n<\/div>\n\n\n\n<div class=\"inherit-container-width wp-container-9 wp-block-group\" style=\"padding-right:200px;padding-left:200px\">\n<div class=\"wp-container-8 wp-block-group has-ast-global-color-1-background-color has-background\" style=\"padding-top:20px;padding-right:20px;padding-bottom:20px;padding-left:20px\">\n<h2 class=\"has-text-align-right\">Eco-citoyennet\u00e9<\/h2>\n\n\n\n<p class=\"has-text-align-right\">Augmenter la participation citoyenne et sensibiliser aux grands enjeux de la transition \u00e9cologique et solidaire.<\/p>\n<\/div>\n<\/div>\n","protected":false},"excerpt":{"rendered":"<p>A l&#8217;AUDM nos actions sont tourn\u00e9es afin de r\u00e9pondre \u00e0 quatre grands objectifs : D\u00e9veloppement de l&#8217;Afrique Prendre part au d\u00e9veloppement de l&#8217;Afrique et promouvoir la culture malienne. Egalit\u00e9 des chances Contribuer \u00e0 l\u2019int\u00e9gration sociale et professionnelle des jeunes et des personnes vuln\u00e9rables du quartier Saint-Blaise et des alentours. Coh\u00e9sion et mixit\u00e9 sociale D\u00e9velopper et &hellip;<\/p>\n<p class=\"read-more\"> <a class=\"\" href=\"https:\/\/audm.fr\/?page_id=56\"> <span class=\"screen-reader-text\">Nos objectifs<\/span> Read More &raquo;<\/a><\/p>\n","protected":false},"author":1,"featured_media":0,"parent":0,"menu_order":0,"comment_status":"closed","ping_status":"closed","template":"","meta":{"om_disable_all_campaigns":false,"_monsterinsights_skip_tracking":false,"_monsterinsights_sitenote_active":false,"_monsterinsights_sitenote_note":"","_monsterinsights_sitenote_category":0,"site-sidebar-layout":"default","site-content-layout":"default","ast-global-header-display":"","ast-main-header-display":"","ast-hfb-above-header-display":"","ast-hfb-below-header-display":"","ast-hfb-mobile-header-display":"","site-post-title":"","ast-breadcrumbs-content":"","ast-featured-img":"","footer-sml-layout":"","theme-transparent-header-meta":"","adv-header-id-meta":"","stick-header-meta":"","header-above-stick-meta":"","header-main-stick-meta":"","header-below-stick-meta":""},"aioseo_notices":[],"_links":{"self":[{"href":"https:\/\/audm.fr\/index.php?rest_route=\/wp\/v2\/pages\/56"}],"collection":[{"href":"https:\/\/audm.fr\/index.php?rest_route=\/wp\/v2\/pages"}],"about":[{"href":"https:\/\/audm.fr\/index.php?rest_route=\/wp\/v2\/types\/page"}],"author":[{"embeddable":true,"href":"https:\/\/audm.fr\/index.php?rest_route=\/wp\/v2\/users\/1"}],"replies":[{"embeddable":true,"href":"https:\/\/audm.fr\/index.php?rest_route=%2Fwp%2Fv2%2Fcomments&post=56"}],"version-history":[{"count":2,"href":"https:\/\/audm.fr\/index.php?rest_route=\/wp\/v2\/pages\/56\/revisions"}],"predecessor-version":[{"id":1270,"href":"https:\/\/audm.fr\/index.php?rest_route=\/wp\/v2\/pages\/56\/revisions\/1270"}],"wp:attachment":[{"href":"https:\/\/audm.fr\/index.php?rest_route=%2Fwp%2Fv2%2Fmedia&parent=56"}],"curies":[{"name":"wp","href":"https:\/\/api.w.org\/{rel}","templated":true}]}}